{"id":19,"date":"2013-03-15T12:36:27","date_gmt":"2013-03-15T12:36:27","guid":{"rendered":"https:\/\/fitness-wellness.vamtam.com\/?page_id=4"},"modified":"2016-04-25T20:22:22","modified_gmt":"2016-04-25T18:22:22","slug":"home","status":"publish","type":"page","link":"http:\/\/threebute.com\/web\/","title":{"rendered":"Home"},"content":{"rendered":"<div class=\"row \"><div class=\"wpv-grid grid-1-1  wpv-first-level first unextended\" style=\"padding-top:0px;padding-bottom:0px\" id=\"wpv-column-7d38a1f2ef9b6d51ef3bf9d2e154429b\" ><div class=\"loop-wrapper clearfix news row masonry not-paginated vamtam-cubeportfolio cbp\" data-columns=\"3\"  data-options=\"{&quot;layoutMode&quot;:&quot;mosaic&quot;,&quot;sortToPreventGaps&quot;:true,&quot;defaultFilter&quot;:&quot;*&quot;,&quot;animationType&quot;:&quot;quicksand&quot;,&quot;gapHorizontal&quot;:0,&quot;gapVertical&quot;:30,&quot;gridAdjustment&quot;:&quot;responsive&quot;,&quot;mediaQueries&quot;:[{&quot;width&quot;:847.5,&quot;cols&quot;:3},{&quot;width&quot;:555,&quot;cols&quot;:2},{&quot;width&quot;:262.5,&quot;cols&quot;:1}],&quot;displayType&quot;:&quot;bottomToTop&quot;,&quot;displayTypeSpeed&quot;:100}\">\n\t\t<div class=\"page-content post-header grid-1-3 clearboth list-item cbp-item post-9808 post type-post status-publish format-standard has-post-thumbnail hentry category-io-racconto\" >\n\t\t\t<div>\n\t\t\t\t<div class=\"post-article has-image-wrapper \">\n\t<div class=\"standard-post-format clearfix as-image \">\n\t\t\t<div class=\"thumbnail\">\n\t\t\t\t\t<a href=\"http:\/\/threebute.com\/web\/mark-smith-quellinsospettabile-fenomeno-che-voleva-solo-giocare\/\" title=\"Mark Smith. Quell\u2019insospettabile fenomeno che voleva solo giocare\u2026\">\n\t\t\t\t<img width=\"360\" height=\"270\" src=\"http:\/\/threebute.com\/web\/wp-content\/uploads\/2017\/11\/smithTMB-360x270.jpg\" class=\"attachment-portfolio-masonry-3 size-portfolio-masonry-3 wp-post-image\" alt=\"\" loading=\"lazy\" srcset=\"http:\/\/threebute.com\/web\/wp-content\/uploads\/2017\/11\/smithTMB-360x270.jpg 360w, http:\/\/threebute.com\/web\/wp-content\/uploads\/2017\/11\/smithTMB-300x225.jpg 300w, http:\/\/threebute.com\/web\/wp-content\/uploads\/2017\/11\/smithTMB-262x197.jpg 262w, http:\/\/threebute.com\/web\/wp-content\/uploads\/2017\/11\/smithTMB.jpg 540w, http:\/\/threebute.com\/web\/wp-content\/uploads\/2017\/11\/smithTMB-262x197@2x.jpg 524w\" sizes=\"(min-width: 900px) 50vw, 100vw\" \/>\t\t\t\t<span class='icon shortcode theme ' style=''>&#58897;<\/span>\t\t\t<\/a>\n\t\t\t<\/div>\n\n\t<div class=\"post-content-wrapper\">\n\t\t<div class=\"post-actions-wrapper clearfix\">\n\t\t\t<div class=\"post-date\">\n\t\t\t\t17 Novembre 2017\t\t\t<\/div>\n\t\t\t\t\t\t\t\n\t\t\t\t\t\t\t\t\t<\/div>\n\n\t\t\t\t<header class=\"single\">\n\t\t\t<div class=\"content\">\n\t\t\t\t<h4>\n\t\t\t\t\t<a href=\"http:\/\/threebute.com\/web\/mark-smith-quellinsospettabile-fenomeno-che-voleva-solo-giocare\/\" title=\"Mark Smith. Quell\u2019insospettabile fenomeno che voleva solo giocare\u2026\" class=\"entry-title\">Mark Smith. Quell\u2019insospettabile fenomeno che voleva solo giocare\u2026<\/a>\n\t\t\t\t<\/h4>\n\t\t\t<\/div>\n\t\t<\/header>\n\t\n\t\t<div class=\"post-content-outer\">\n\t\t\t<p>Di Mark Smith si dice sia un fenomeno vero. Coach Brad Underwood, che l&#8217;ha reclutato&#8230;<\/p>\n\t\t<\/div>\n\n\t\t\t<\/div>\n\t<\/div>\n<\/div>\n\t\t\t<\/div>\n\t\t<\/div>\n\t\t<div class=\"page-content post-header grid-1-3 list-item cbp-item post-9788 post type-post status-publish format-standard has-post-thumbnail hentry category-io-racconto\" >\n\t\t\t<div>\n\t\t\t\t<div class=\"post-article has-image-wrapper \">\n\t<div class=\"standard-post-format clearfix as-image \">\n\t\t\t<div class=\"thumbnail\">\n\t\t\t\t\t<a href=\"http:\/\/threebute.com\/web\/il-generale-visnjic-e-il-suo-reggimento-di-ferro\/\" title=\"Il Generale Visnjic e il suo reggimento di ferro\">\n\t\t\t\t<img width=\"360\" height=\"240\" src=\"http:\/\/threebute.com\/web\/wp-content\/uploads\/2017\/06\/njegos_header-360x240.jpg\" class=\"attachment-portfolio-masonry-3 size-portfolio-masonry-3 wp-post-image\" alt=\"\" loading=\"lazy\" srcset=\"http:\/\/threebute.com\/web\/wp-content\/uploads\/2017\/06\/njegos_header-360x240.jpg 360w, http:\/\/threebute.com\/web\/wp-content\/uploads\/2017\/06\/njegos_header-300x200.jpg 300w, http:\/\/threebute.com\/web\/wp-content\/uploads\/2017\/06\/njegos_header-768x512.jpg 768w, http:\/\/threebute.com\/web\/wp-content\/uploads\/2017\/06\/njegos_header-300x200@2x.jpg 600w, http:\/\/threebute.com\/web\/wp-content\/uploads\/2017\/06\/njegos_header-555x370.jpg 555w, http:\/\/threebute.com\/web\/wp-content\/uploads\/2017\/06\/njegos_header-262x175.jpg 262w, http:\/\/threebute.com\/web\/wp-content\/uploads\/2017\/06\/njegos_header.jpg 900w, http:\/\/threebute.com\/web\/wp-content\/uploads\/2017\/06\/njegos_header-360x240@2x.jpg 720w, http:\/\/threebute.com\/web\/wp-content\/uploads\/2017\/06\/njegos_header-262x175@2x.jpg 524w\" sizes=\"(min-width: 900px) 50vw, 100vw\" \/>\t\t\t\t<span class='icon shortcode theme ' style=''>&#58897;<\/span>\t\t\t<\/a>\n\t\t\t<\/div>\n\n\t<div class=\"post-content-wrapper\">\n\t\t<div class=\"post-actions-wrapper clearfix\">\n\t\t\t<div class=\"post-date\">\n\t\t\t\t15 Giugno 2017\t\t\t<\/div>\n\t\t\t\t\t\t\t\n\t\t\t\t\t\t\t\t\t<\/div>\n\n\t\t\t\t<header class=\"single\">\n\t\t\t<div class=\"content\">\n\t\t\t\t<h4>\n\t\t\t\t\t<a href=\"http:\/\/threebute.com\/web\/il-generale-visnjic-e-il-suo-reggimento-di-ferro\/\" title=\"Il Generale Visnjic e il suo reggimento di ferro\" class=\"entry-title\">Il Generale Visnjic e il suo reggimento di ferro<\/a>\n\t\t\t\t<\/h4>\n\t\t\t<\/div>\n\t\t<\/header>\n\t\n\t\t<div class=\"post-content-outer\">\n\t\t\t<p>Esattamente alle ore 15 il nemico deve essere schiacciato dalla feroce carica del vostro assalto,&#8230;<\/p>\n\t\t<\/div>\n\n\t\t\t<\/div>\n\t<\/div>\n<\/div>\n\t\t\t<\/div>\n\t\t<\/div>\n\t\t<div class=\"page-content post-header grid-1-3 list-item cbp-item post-9779 post type-post status-publish format-standard has-post-thumbnail hentry category-io-racconto\" >\n\t\t\t<div>\n\t\t\t\t<div class=\"post-article has-image-wrapper \">\n\t<div class=\"standard-post-format clearfix as-image \">\n\t\t\t<div class=\"thumbnail\">\n\t\t\t\t\t<a href=\"http:\/\/threebute.com\/web\/ale-cittadini-e-il-canestro-della-gioia\/\" title=\"Ale Cittadini e il canestro della gioia\">\n\t\t\t\t<img width=\"360\" height=\"240\" src=\"http:\/\/threebute.com\/web\/wp-content\/uploads\/2017\/02\/citta_finale_cv-360x240.jpg\" class=\"attachment-portfolio-masonry-3 size-portfolio-masonry-3 wp-post-image\" alt=\"\" loading=\"lazy\" srcset=\"http:\/\/threebute.com\/web\/wp-content\/uploads\/2017\/02\/citta_finale_cv-360x240.jpg 360w, http:\/\/threebute.com\/web\/wp-content\/uploads\/2017\/02\/citta_finale_cv-300x200.jpg 300w, http:\/\/threebute.com\/web\/wp-content\/uploads\/2017\/02\/citta_finale_cv-768x512.jpg 768w, http:\/\/threebute.com\/web\/wp-content\/uploads\/2017\/02\/citta_finale_cv-300x200@2x.jpg 600w, http:\/\/threebute.com\/web\/wp-content\/uploads\/2017\/02\/citta_finale_cv-555x370.jpg 555w, http:\/\/threebute.com\/web\/wp-content\/uploads\/2017\/02\/citta_finale_cv-262x175.jpg 262w, http:\/\/threebute.com\/web\/wp-content\/uploads\/2017\/02\/citta_finale_cv.jpg 900w, http:\/\/threebute.com\/web\/wp-content\/uploads\/2017\/02\/citta_finale_cv-360x240@2x.jpg 720w, http:\/\/threebute.com\/web\/wp-content\/uploads\/2017\/02\/citta_finale_cv-262x175@2x.jpg 524w\" sizes=\"(min-width: 900px) 50vw, 100vw\" \/>\t\t\t\t<span class='icon shortcode theme ' style=''>&#58897;<\/span>\t\t\t<\/a>\n\t\t\t<\/div>\n\n\t<div class=\"post-content-wrapper\">\n\t\t<div class=\"post-actions-wrapper clearfix\">\n\t\t\t<div class=\"post-date\">\n\t\t\t\t19 Febbraio 2017\t\t\t<\/div>\n\t\t\t\t\t\t\t\n\t\t\t\t\t\t\t\t\t<\/div>\n\n\t\t\t\t<header class=\"single\">\n\t\t\t<div class=\"content\">\n\t\t\t\t<h4>\n\t\t\t\t\t<a href=\"http:\/\/threebute.com\/web\/ale-cittadini-e-il-canestro-della-gioia\/\" title=\"Ale Cittadini e il canestro della gioia\" class=\"entry-title\">Ale Cittadini e il canestro della gioia<\/a>\n\t\t\t\t<\/h4>\n\t\t\t<\/div>\n\t\t<\/header>\n\t\n\t\t<div class=\"post-content-outer\">\n\t\t\t<p>Un attimo sei carico a mille, un altro hai l&#8217;umore sotto i piedi. E&#8217; vero,&#8230;<\/p>\n\t\t<\/div>\n\n\t\t\t<\/div>\n\t<\/div>\n<\/div>\n\t\t\t<\/div>\n\t\t<\/div>\n\t\t<div class=\"page-content post-header grid-1-3 clearboth list-item cbp-item post-9746 post type-post status-publish format-standard has-post-thumbnail hentry category-io-racconto\" >\n\t\t\t<div>\n\t\t\t\t<div class=\"post-article has-image-wrapper \">\n\t<div class=\"standard-post-format clearfix as-image \">\n\t\t\t<div class=\"thumbnail\">\n\t\t\t\t\t<a href=\"http:\/\/threebute.com\/web\/manfredo-da-barra-col-tram-e-quella-napoli-sul-tetto-deuropa-2\/\" title=\"Manfredo da Barra col tram. E quella Napoli sul tetto d&#8217;Europa\">\n\t\t\t\t<img width=\"360\" height=\"218\" src=\"http:\/\/threebute.com\/web\/wp-content\/uploads\/2016\/04\/headerfides-360x218.jpg\" class=\"attachment-portfolio-masonry-3 size-portfolio-masonry-3 wp-post-image\" alt=\"\" loading=\"lazy\" srcset=\"http:\/\/threebute.com\/web\/wp-content\/uploads\/2016\/04\/headerfides-360x218.jpg 360w, http:\/\/threebute.com\/web\/wp-content\/uploads\/2016\/04\/headerfides-300x182.jpg 300w, http:\/\/threebute.com\/web\/wp-content\/uploads\/2016\/04\/headerfides-768x465.jpg 768w, http:\/\/threebute.com\/web\/wp-content\/uploads\/2016\/04\/headerfides-1024x620.jpg 1024w, http:\/\/threebute.com\/web\/wp-content\/uploads\/2016\/04\/headerfides-300x182@2x.jpg 600w, http:\/\/threebute.com\/web\/wp-content\/uploads\/2016\/04\/headerfides-1140x690.jpg 1140w, http:\/\/threebute.com\/web\/wp-content\/uploads\/2016\/04\/headerfides-555x336.jpg 555w, http:\/\/threebute.com\/web\/wp-content\/uploads\/2016\/04\/headerfides-262x159.jpg 262w, http:\/\/threebute.com\/web\/wp-content\/uploads\/2016\/04\/headerfides.jpg 1600w, http:\/\/threebute.com\/web\/wp-content\/uploads\/2016\/04\/headerfides-360x218@2x.jpg 720w, http:\/\/threebute.com\/web\/wp-content\/uploads\/2016\/04\/headerfides-768x465@2x.jpg 1536w, http:\/\/threebute.com\/web\/wp-content\/uploads\/2016\/04\/headerfides-600x363@2x.jpg 1200w, http:\/\/threebute.com\/web\/wp-content\/uploads\/2016\/04\/headerfides-555x336@2x.jpg 1110w, http:\/\/threebute.com\/web\/wp-content\/uploads\/2016\/04\/headerfides-262x159@2x.jpg 524w\" sizes=\"(min-width: 900px) 50vw, 100vw\" \/>\t\t\t\t<span class='icon shortcode theme ' style=''>&#58897;<\/span>\t\t\t<\/a>\n\t\t\t<\/div>\n\n\t<div class=\"post-content-wrapper\">\n\t\t<div class=\"post-actions-wrapper clearfix\">\n\t\t\t<div class=\"post-date\">\n\t\t\t\t26 Aprile 2016\t\t\t<\/div>\n\t\t\t\t\t\t\t\n\t\t\t\t\t\t\t\t\t<\/div>\n\n\t\t\t\t<header class=\"single\">\n\t\t\t<div class=\"content\">\n\t\t\t\t<h4>\n\t\t\t\t\t<a href=\"http:\/\/threebute.com\/web\/manfredo-da-barra-col-tram-e-quella-napoli-sul-tetto-deuropa-2\/\" title=\"Manfredo da Barra col tram. E quella Napoli sul tetto d&#8217;Europa\" class=\"entry-title\">Manfredo da Barra col tram. E quella Napoli sul tetto d&#8217;Europa<\/a>\n\t\t\t\t<\/h4>\n\t\t\t<\/div>\n\t\t<\/header>\n\t\n\t\t<div class=\"post-content-outer\">\n\t\t\t<p>&#8220;La verit\u00e0 \u00e8 che eravamo pi\u00f9 forti l&#8217;anno prima. C&#8217;era Paolo Vittori, giocatore universale, tiratore&#8230;<\/p>\n\t\t<\/div>\n\n\t\t\t<\/div>\n\t<\/div>\n<\/div>\n\t\t\t<\/div>\n\t\t<\/div>\n\t\t<div class=\"page-content post-header grid-1-3 list-item cbp-item post-9713 post type-post status-publish format-standard has-post-thumbnail hentry category-io-racconto\" >\n\t\t\t<div>\n\t\t\t\t<div class=\"post-article has-image-wrapper \">\n\t<div class=\"standard-post-format clearfix as-image \">\n\t\t\t<div class=\"thumbnail\">\n\t\t\t\t\t<a href=\"http:\/\/threebute.com\/web\/dontae-madness-in-march\/\" title=\"Dontae&#8217; Madness (in March)\">\n\t\t\t\t<img width=\"360\" height=\"270\" src=\"http:\/\/threebute.com\/web\/wp-content\/uploads\/2016\/03\/12825648_10209159427211219_178958597_n-360x270.jpg\" class=\"attachment-portfolio-masonry-3 size-portfolio-masonry-3 wp-post-image\" alt=\"\" loading=\"lazy\" srcset=\"http:\/\/threebute.com\/web\/wp-content\/uploads\/2016\/03\/12825648_10209159427211219_178958597_n-360x270.jpg 360w, http:\/\/threebute.com\/web\/wp-content\/uploads\/2016\/03\/12825648_10209159427211219_178958597_n-300x225.jpg 300w, http:\/\/threebute.com\/web\/wp-content\/uploads\/2016\/03\/12825648_10209159427211219_178958597_n-262x197.jpg 262w, http:\/\/threebute.com\/web\/wp-content\/uploads\/2016\/03\/12825648_10209159427211219_178958597_n.jpg 540w, http:\/\/threebute.com\/web\/wp-content\/uploads\/2016\/03\/12825648_10209159427211219_178958597_n-262x197@2x.jpg 524w\" sizes=\"(min-width: 900px) 50vw, 100vw\" \/>\t\t\t\t<span class='icon shortcode theme ' style=''>&#58897;<\/span>\t\t\t<\/a>\n\t\t\t<\/div>\n\n\t<div class=\"post-content-wrapper\">\n\t\t<div class=\"post-actions-wrapper clearfix\">\n\t\t\t<div class=\"post-date\">\n\t\t\t\t24 Marzo 2016\t\t\t<\/div>\n\t\t\t\t\t\t\t\n\t\t\t\t\t\t\t\t\t<\/div>\n\n\t\t\t\t<header class=\"single\">\n\t\t\t<div class=\"content\">\n\t\t\t\t<h4>\n\t\t\t\t\t<a href=\"http:\/\/threebute.com\/web\/dontae-madness-in-march\/\" title=\"Dontae&#8217; Madness (in March)\" class=\"entry-title\">Dontae&#8217; Madness (in March)<\/a>\n\t\t\t\t<\/h4>\n\t\t\t<\/div>\n\t\t<\/header>\n\t\n\t\t<div class=\"post-content-outer\">\n\t\t\t<p>Erano 68 fino a marted\u00ec 15, il giorno dei primi spareggi tra Vanderbilt e Wichita&#8230;<\/p>\n\t\t<\/div>\n\n\t\t\t<\/div>\n\t<\/div>\n<\/div>\n\t\t\t<\/div>\n\t\t<\/div>\n\t\t<div class=\"page-content post-header grid-1-3 list-item cbp-item post-9672 post type-post status-publish format-standard has-post-thumbnail hentry category-io-racconto\" >\n\t\t\t<div>\n\t\t\t\t<div class=\"post-article has-image-wrapper \">\n\t<div class=\"standard-post-format clearfix as-image \">\n\t\t\t<div class=\"thumbnail\">\n\t\t\t\t\t<a href=\"http:\/\/threebute.com\/web\/tony-fuss\/\" title=\"Tony Fuss\">\n\t\t\t\t<img width=\"360\" height=\"263\" src=\"http:\/\/threebute.com\/web\/wp-content\/uploads\/2016\/02\/fuss0-360x263.jpg\" class=\"attachment-portfolio-masonry-3 size-portfolio-masonry-3 wp-post-image\" alt=\"\" loading=\"lazy\" srcset=\"http:\/\/threebute.com\/web\/wp-content\/uploads\/2016\/02\/fuss0-360x263.jpg 360w, http:\/\/threebute.com\/web\/wp-content\/uploads\/2016\/02\/fuss0-300x219.jpg 300w, http:\/\/threebute.com\/web\/wp-content\/uploads\/2016\/02\/fuss0-300x219@2x.jpg 600w, http:\/\/threebute.com\/web\/wp-content\/uploads\/2016\/02\/fuss0-555x405.jpg 555w, http:\/\/threebute.com\/web\/wp-content\/uploads\/2016\/02\/fuss0-262x191.jpg 262w, http:\/\/threebute.com\/web\/wp-content\/uploads\/2016\/02\/fuss0.jpg 725w, http:\/\/threebute.com\/web\/wp-content\/uploads\/2016\/02\/fuss0-360x263@2x.jpg 720w, http:\/\/threebute.com\/web\/wp-content\/uploads\/2016\/02\/fuss0-262x191@2x.jpg 524w\" sizes=\"(min-width: 900px) 50vw, 100vw\" \/>\t\t\t\t<span class='icon shortcode theme ' style=''>&#58897;<\/span>\t\t\t<\/a>\n\t\t\t<\/div>\n\n\t<div class=\"post-content-wrapper\">\n\t\t<div class=\"post-actions-wrapper clearfix\">\n\t\t\t<div class=\"post-date\">\n\t\t\t\t25 Febbraio 2016\t\t\t<\/div>\n\t\t\t\t\t\t\t\n\t\t\t\t\t\t\t\t\t<\/div>\n\n\t\t\t\t<header class=\"single\">\n\t\t\t<div class=\"content\">\n\t\t\t\t<h4>\n\t\t\t\t\t<a href=\"http:\/\/threebute.com\/web\/tony-fuss\/\" title=\"Tony Fuss\" class=\"entry-title\">Tony Fuss<\/a>\n\t\t\t\t<\/h4>\n\t\t\t<\/div>\n\t\t<\/header>\n\t\n\t\t<div class=\"post-content-outer\">\n\t\t\t<p>Tonino Sei aprile millenovecentoottantasei, sipario. Nel senso di &#8220;gi\u00f9 il sipario&#8221; su una di quelle&#8230;<\/p>\n\t\t<\/div>\n\n\t\t\t<\/div>\n\t<\/div>\n<\/div>\n\t\t\t<\/div>\n\t\t<\/div>\n\t\t<div class=\"page-content post-header grid-1-3 clearboth list-item cbp-item post-9633 post type-post status-publish format-standard has-post-thumbnail hentry category-io-racconto\" >\n\t\t\t<div>\n\t\t\t\t<div class=\"post-article has-image-wrapper \">\n\t<div class=\"standard-post-format clearfix as-image \">\n\t\t\t<div class=\"thumbnail\">\n\t\t\t\t\t<a href=\"http:\/\/threebute.com\/web\/mimmo-morena-racconta-il-trionfo\/\" title=\"Mimmo Morena racconta il trionfo\">\n\t\t\t\t<img width=\"360\" height=\"240\" src=\"http:\/\/threebute.com\/web\/wp-content\/uploads\/2016\/02\/mimmo0-360x240.jpg\" class=\"attachment-portfolio-masonry-3 size-portfolio-masonry-3 wp-post-image\" alt=\"\" loading=\"lazy\" srcset=\"http:\/\/threebute.com\/web\/wp-content\/uploads\/2016\/02\/mimmo0-360x240.jpg 360w, http:\/\/threebute.com\/web\/wp-content\/uploads\/2016\/02\/mimmo0-300x200.jpg 300w, http:\/\/threebute.com\/web\/wp-content\/uploads\/2016\/02\/mimmo0-768x512.jpg 768w, http:\/\/threebute.com\/web\/wp-content\/uploads\/2016\/02\/mimmo0-300x200@2x.jpg 600w, http:\/\/threebute.com\/web\/wp-content\/uploads\/2016\/02\/mimmo0-555x370.jpg 555w, http:\/\/threebute.com\/web\/wp-content\/uploads\/2016\/02\/mimmo0-262x175.jpg 262w, http:\/\/threebute.com\/web\/wp-content\/uploads\/2016\/02\/mimmo0.jpg 900w, http:\/\/threebute.com\/web\/wp-content\/uploads\/2016\/02\/mimmo0-360x240@2x.jpg 720w, http:\/\/threebute.com\/web\/wp-content\/uploads\/2016\/02\/mimmo0-262x175@2x.jpg 524w\" sizes=\"(min-width: 900px) 50vw, 100vw\" \/>\t\t\t\t<span class='icon shortcode theme ' style=''>&#58897;<\/span>\t\t\t<\/a>\n\t\t\t<\/div>\n\n\t<div class=\"post-content-wrapper\">\n\t\t<div class=\"post-actions-wrapper clearfix\">\n\t\t\t<div class=\"post-date\">\n\t\t\t\t19 Febbraio 2016\t\t\t<\/div>\n\t\t\t\t\t\t\t\n\t\t\t\t\t\t\t\t\t<\/div>\n\n\t\t\t\t<header class=\"single\">\n\t\t\t<div class=\"content\">\n\t\t\t\t<h4>\n\t\t\t\t\t<a href=\"http:\/\/threebute.com\/web\/mimmo-morena-racconta-il-trionfo\/\" title=\"Mimmo Morena racconta il trionfo\" class=\"entry-title\">Mimmo Morena racconta il trionfo<\/a>\n\t\t\t\t<\/h4>\n\t\t\t<\/div>\n\t\t<\/header>\n\t\n\t\t<div class=\"post-content-outer\">\n\t\t\t<p>Avete presente quando si dice: \u201cti ripassa tutta la vita davanti\u201d? In quegli incredibili giorni&#8230;<\/p>\n\t\t<\/div>\n\n\t\t\t<\/div>\n\t<\/div>\n<\/div>\n\t\t\t<\/div>\n\t\t<\/div>\n\t\t<div class=\"page-content post-header grid-1-3 list-item cbp-item post-9583 post type-post status-publish format-standard has-post-thumbnail hentry category-io-racconto\" >\n\t\t\t<div>\n\t\t\t\t<div class=\"post-article has-image-wrapper \">\n\t<div class=\"standard-post-format clearfix as-image \">\n\t\t\t<div class=\"thumbnail\">\n\t\t\t\t\t<a href=\"http:\/\/threebute.com\/web\/la-semifinale-contro-treviso\/\" title=\"La semifinale contro Treviso\">\n\t\t\t\t<img width=\"360\" height=\"240\" src=\"http:\/\/threebute.com\/web\/wp-content\/uploads\/2016\/02\/mason0-360x240.jpg\" class=\"attachment-portfolio-masonry-3 size-portfolio-masonry-3 wp-post-image\" alt=\"\" loading=\"lazy\" srcset=\"http:\/\/threebute.com\/web\/wp-content\/uploads\/2016\/02\/mason0-360x240.jpg 360w, http:\/\/threebute.com\/web\/wp-content\/uploads\/2016\/02\/mason0-300x200.jpg 300w, http:\/\/threebute.com\/web\/wp-content\/uploads\/2016\/02\/mason0-768x512.jpg 768w, http:\/\/threebute.com\/web\/wp-content\/uploads\/2016\/02\/mason0-300x200@2x.jpg 600w, http:\/\/threebute.com\/web\/wp-content\/uploads\/2016\/02\/mason0-555x370.jpg 555w, http:\/\/threebute.com\/web\/wp-content\/uploads\/2016\/02\/mason0-262x175.jpg 262w, http:\/\/threebute.com\/web\/wp-content\/uploads\/2016\/02\/mason0.jpg 900w, http:\/\/threebute.com\/web\/wp-content\/uploads\/2016\/02\/mason0-360x240@2x.jpg 720w, http:\/\/threebute.com\/web\/wp-content\/uploads\/2016\/02\/mason0-262x175@2x.jpg 524w\" sizes=\"(min-width: 900px) 50vw, 100vw\" \/>\t\t\t\t<span class='icon shortcode theme ' style=''>&#58897;<\/span>\t\t\t<\/a>\n\t\t\t<\/div>\n\n\t<div class=\"post-content-wrapper\">\n\t\t<div class=\"post-actions-wrapper clearfix\">\n\t\t\t<div class=\"post-date\">\n\t\t\t\t17 Febbraio 2016\t\t\t<\/div>\n\t\t\t\t\t\t\t\n\t\t\t\t\t\t\t\t\t<\/div>\n\n\t\t\t\t<header class=\"single\">\n\t\t\t<div class=\"content\">\n\t\t\t\t<h4>\n\t\t\t\t\t<a href=\"http:\/\/threebute.com\/web\/la-semifinale-contro-treviso\/\" title=\"La semifinale contro Treviso\" class=\"entry-title\">La semifinale contro Treviso<\/a>\n\t\t\t\t<\/h4>\n\t\t\t<\/div>\n\t\t<\/header>\n\t\n\t\t<div class=\"post-content-outer\">\n\t\t\t<p>Fu il giorno della consacrazione, il giorno in cui cambi\u00f2 lo scenario, che ci trasform\u00f2&#8230;<\/p>\n\t\t<\/div>\n\n\t\t\t<\/div>\n\t<\/div>\n<\/div>\n\t\t\t<\/div>\n\t\t<\/div>\n\t\t<div class=\"page-content post-header grid-1-3 list-item cbp-item post-9533 post type-post status-publish format-standard has-post-thumbnail hentry category-io-racconto\" >\n\t\t\t<div>\n\t\t\t\t<div class=\"post-article has-image-wrapper \">\n\t<div class=\"standard-post-format clearfix as-image \">\n\t\t\t<div class=\"thumbnail\">\n\t\t\t\t\t<a href=\"http:\/\/threebute.com\/web\/il-quarto-contro-milano\/\" title=\"Il quarto contro Milano\">\n\t\t\t\t<img width=\"360\" height=\"240\" src=\"http:\/\/threebute.com\/web\/wp-content\/uploads\/2016\/02\/jon0-360x240.jpg\" class=\"attachment-portfolio-masonry-3 size-portfolio-masonry-3 wp-post-image\" alt=\"\" loading=\"lazy\" srcset=\"http:\/\/threebute.com\/web\/wp-content\/uploads\/2016\/02\/jon0-360x240.jpg 360w, http:\/\/threebute.com\/web\/wp-content\/uploads\/2016\/02\/jon0-300x200.jpg 300w, http:\/\/threebute.com\/web\/wp-content\/uploads\/2016\/02\/jon0-768x512.jpg 768w, http:\/\/threebute.com\/web\/wp-content\/uploads\/2016\/02\/jon0-300x200@2x.jpg 600w, http:\/\/threebute.com\/web\/wp-content\/uploads\/2016\/02\/jon0-555x370.jpg 555w, http:\/\/threebute.com\/web\/wp-content\/uploads\/2016\/02\/jon0-262x175.jpg 262w, http:\/\/threebute.com\/web\/wp-content\/uploads\/2016\/02\/jon0.jpg 900w, http:\/\/threebute.com\/web\/wp-content\/uploads\/2016\/02\/jon0-360x240@2x.jpg 720w, http:\/\/threebute.com\/web\/wp-content\/uploads\/2016\/02\/jon0-262x175@2x.jpg 524w\" sizes=\"(min-width: 900px) 50vw, 100vw\" \/>\t\t\t\t<span class='icon shortcode theme ' style=''>&#58897;<\/span>\t\t\t<\/a>\n\t\t\t<\/div>\n\n\t<div class=\"post-content-wrapper\">\n\t\t<div class=\"post-actions-wrapper clearfix\">\n\t\t\t<div class=\"post-date\">\n\t\t\t\t16 Febbraio 2016\t\t\t<\/div>\n\t\t\t\t\t\t\t\n\t\t\t\t\t\t\t\t\t<\/div>\n\n\t\t\t\t<header class=\"single\">\n\t\t\t<div class=\"content\">\n\t\t\t\t<h4>\n\t\t\t\t\t<a href=\"http:\/\/threebute.com\/web\/il-quarto-contro-milano\/\" title=\"Il quarto contro Milano\" class=\"entry-title\">Il quarto contro Milano<\/a>\n\t\t\t\t<\/h4>\n\t\t\t<\/div>\n\t\t<\/header>\n\t\n\t\t<div class=\"post-content-outer\">\n\t\t\t<p>Eravamo consapevoli. Nessuno aveva mai parlato di scudetto o di Coppa Italia, ma in quello&#8230;<\/p>\n\t\t<\/div>\n\n\t\t\t<\/div>\n\t<\/div>\n<\/div>\n\t\t\t<\/div>\n\t\t<\/div>\n<\/div>\n\n<\/div><\/div>\n","protected":false},"excerpt":{"rendered":"<p>Eravamo consapevoli. Nessuno aveva mai parlato di scudetto o di Coppa Italia, ma in quello spogliatoio quell&#8217;anno eravamo tutti consapevoli della nostra forza e di potercela giocare con tutti, sempre e comunque. Anche a Forl\u00ec, dove, oltre che consapevoli, arrivammo incazzati. Avevamo perso a Milano meno di due settimane prima, ed era una sconfitta che&#8230;<\/p>\n","protected":false},"author":1,"featured_media":0,"parent":20,"menu_order":0,"comment_status":"closed","ping_status":"closed","template":"","meta":[],"_links":{"self":[{"href":"http:\/\/threebute.com\/web\/wp-json\/wp\/v2\/pages\/19"}],"collection":[{"href":"http:\/\/threebute.com\/web\/wp-json\/wp\/v2\/pages"}],"about":[{"href":"http:\/\/threebute.com\/web\/wp-json\/wp\/v2\/types\/page"}],"author":[{"embeddable":true,"href":"http:\/\/threebute.com\/web\/wp-json\/wp\/v2\/users\/1"}],"replies":[{"embeddable":true,"href":"http:\/\/threebute.com\/web\/wp-json\/wp\/v2\/comments?post=19"}],"version-history":[{"count":50,"href":"http:\/\/threebute.com\/web\/wp-json\/wp\/v2\/pages\/19\/revisions"}],"predecessor-version":[{"id":9764,"href":"http:\/\/threebute.com\/web\/wp-json\/wp\/v2\/pages\/19\/revisions\/9764"}],"up":[{"embeddable":true,"href":"http:\/\/threebute.com\/web\/wp-json\/wp\/v2\/pages\/20"}],"wp:attachment":[{"href":"http:\/\/threebute.com\/web\/wp-json\/wp\/v2\/media?parent=19"}],"curies":[{"name":"wp","href":"https:\/\/api.w.org\/{rel}","templated":true}]}}